{"id":1818,"date":"2025-05-27T15:48:04","date_gmt":"2025-05-27T08:48:04","guid":{"rendered":"https:\/\/viehealthcare.vn\/?page_id=1818"},"modified":"2026-03-12T10:43:44","modified_gmt":"2026-03-12T03:43:44","slug":"song-khoe-2","status":"publish","type":"page","link":"https:\/\/www.viehealthcare.vn\/en\/song-khoe-2\/","title":{"rendered":"S\u1ed1ng kho\u1ebb"},"content":{"rendered":"<div data-elementor-type=\"wp-page\" data-elementor-id=\"1818\" class=\"elementor elementor-1818\" data-elementor-post-type=\"page\">\n\t\t\t\t<div class=\"elementor-element elementor-element-37962419 e-flex e-con-boxed e-con e-parent\" data-id=\"37962419\" data-element_type=\"container\" data-settings=\"{&quot;background_background&quot;:&quot;classic&quot;}\">\n\t\t\t\t\t<div class=\"e-con-inner\">\n\t\t\t\t<div class=\"elementor-element elementor-element-95ba0a1 elementor-widget elementor-widget-heading\" data-id=\"95ba0a1\" data-element_type=\"widget\" data-widget_type=\"heading.default\">\n\t\t\t\t<div class=\"elementor-widget-container\">\n\t\t\t\t\t<h1 class=\"elementor-heading-title elementor-size-default\">S\u1ed0NG KHO\u1eba<\/h1>\t\t\t\t<\/div>\n\t\t\t\t<\/div>\n\t\t\t\t\t<\/div>\n\t\t\t\t<\/div>\n\t\t<div class=\"elementor-element elementor-element-8f4fc92 e-flex e-con-boxed e-con e-parent\" data-id=\"8f4fc92\" data-element_type=\"container\" data-settings=\"{&quot;background_background&quot;:&quot;gradient&quot;}\">\n\t\t\t\t\t<div class=\"e-con-inner\">\n\t\t<div class=\"elementor-element elementor-element-e98e9db e-con-full e-flex e-con e-child\" data-id=\"e98e9db\" data-element_type=\"container\">\n\t\t<div class=\"elementor-element elementor-element-29b4f69 e-con-full e-flex elementor-invisible e-con e-child\" data-id=\"29b4f69\" data-element_type=\"container\" data-settings=\"{&quot;animation&quot;:&quot;fadeInUp&quot;}\">\n\t\t\t\t<div class=\"elementor-element elementor-element-08ab072 elementor-position-top elementor-widget elementor-widget-image-box\" data-id=\"08ab072\" data-element_type=\"widget\" data-settings=\"{&quot;_animation&quot;:&quot;none&quot;}\" data-widget_type=\"image-box.default\">\n\t\t\t\t<div class=\"elementor-widget-container\">\n\t\t\t\t\t<div class=\"elementor-image-box-wrapper\"><figure class=\"elementor-image-box-img\"><a href=\"https:\/\/www.viehealthcare.vn\/en\/thong-tin-y-khoa\/\" tabindex=\"-1\"><img fetchpriority=\"high\" decoding=\"async\" width=\"1200\" height=\"801\" src=\"https:\/\/viehealthcare.vn\/wp-content\/uploads\/2025\/06\/Xu-huong-cham-soc-suc-khoe-1200x801-1.jpg\" class=\"attachment-full size-full wp-image-2233\" alt=\"\" srcset=\"https:\/\/www.viehealthcare.vn\/wp-content\/uploads\/2025\/06\/Xu-huong-cham-soc-suc-khoe-1200x801-1.jpg 1200w, https:\/\/www.viehealthcare.vn\/wp-content\/uploads\/2025\/06\/Xu-huong-cham-soc-suc-khoe-1200x801-1-600x401.jpg 600w, https:\/\/www.viehealthcare.vn\/wp-content\/uploads\/2025\/06\/Xu-huong-cham-soc-suc-khoe-1200x801-1-300x200.jpg 300w, https:\/\/www.viehealthcare.vn\/wp-content\/uploads\/2025\/06\/Xu-huong-cham-soc-suc-khoe-1200x801-1-1024x684.jpg 1024w, https:\/\/www.viehealthcare.vn\/wp-content\/uploads\/2025\/06\/Xu-huong-cham-soc-suc-khoe-1200x801-1-768x513.jpg 768w, https:\/\/www.viehealthcare.vn\/wp-content\/uploads\/2025\/06\/Xu-huong-cham-soc-suc-khoe-1200x801-1-18x12.jpg 18w\" sizes=\"(max-width: 1200px) 100vw, 1200px\" \/><\/a><\/figure><div class=\"elementor-image-box-content\"><h3 class=\"elementor-image-box-title\"><a href=\"https:\/\/www.viehealthcare.vn\/en\/thong-tin-y-khoa\/\">TH\u00d4NG TIN Y KHOA<\/a><\/h3><p class=\"elementor-image-box-description\">\u0110\u00f3ng g\u00f3p ki\u1ebfn th\u1ee9c y h\u1ecdc, ch\u0103m s\u00f3c s\u1ee9c kho\u1ebb, th\u00f4ng tin li\u00ean quan s\u1ea3n ph\u1ea9m, c\u1ea3i thi\u1ec7n v\u00e0 n\u00e2ng cao ch\u1ea5t l\u01b0\u1ee3ng s\u1ed1ng<\/p><\/div><\/div>\t\t\t\t<\/div>\n\t\t\t\t<\/div>\n\t\t\t\t<div class=\"elementor-element elementor-element-409d897 elementor-align-center elementor-widget elementor-widget-button\" data-id=\"409d897\" data-element_type=\"widget\" data-widget_type=\"button.default\">\n\t\t\t\t<div class=\"elementor-widget-container\">\n\t\t\t\t\t\t\t\t\t<div class=\"elementor-button-wrapper\">\n\t\t\t\t\t<a class=\"elementor-button elementor-button-link elementor-size-sm\" href=\"https:\/\/www.viehealthcare.vn\/en\/thong-tin-y-khoa\/\">\n\t\t\t\t\t\t<span class=\"elementor-button-content-wrapper\">\n\t\t\t\t\t\t\t\t\t<span class=\"elementor-button-text\">Xem th\u00eam <\/span>\n\t\t\t\t\t<\/span>\n\t\t\t\t\t<\/a>\n\t\t\t\t<\/div>\n\t\t\t\t\t\t\t\t<\/div>\n\t\t\t\t<\/div>\n\t\t\t\t<\/div>\n\t\t<div class=\"elementor-element elementor-element-e510cd5 e-con-full e-flex elementor-invisible e-con e-child\" data-id=\"e510cd5\" data-element_type=\"container\" data-settings=\"{&quot;background_background&quot;:&quot;classic&quot;,&quot;animation&quot;:&quot;fadeInUp&quot;}\">\n\t\t\t\t<div class=\"elementor-element elementor-element-6daff99 elementor-position-top elementor-widget elementor-widget-image-box\" data-id=\"6daff99\" data-element_type=\"widget\" data-settings=\"{&quot;_animation&quot;:&quot;none&quot;}\" data-widget_type=\"image-box.default\">\n\t\t\t\t<div class=\"elementor-widget-container\">\n\t\t\t\t\t<div class=\"elementor-image-box-wrapper\"><figure class=\"elementor-image-box-img\"><a href=\"https:\/\/www.viehealthcare.vn\/en\/chuyen-gia-tu-van\/\" tabindex=\"-1\"><img decoding=\"async\" width=\"602\" height=\"400\" src=\"https:\/\/viehealthcare.vn\/wp-content\/uploads\/2025\/06\/nganh-duoc.jpg\" class=\"attachment-full size-full wp-image-2240\" alt=\"\" srcset=\"https:\/\/www.viehealthcare.vn\/wp-content\/uploads\/2025\/06\/nganh-duoc.jpg 602w, https:\/\/www.viehealthcare.vn\/wp-content\/uploads\/2025\/06\/nganh-duoc-600x399.jpg 600w, https:\/\/www.viehealthcare.vn\/wp-content\/uploads\/2025\/06\/nganh-duoc-300x199.jpg 300w, https:\/\/www.viehealthcare.vn\/wp-content\/uploads\/2025\/06\/nganh-duoc-18x12.jpg 18w\" sizes=\"(max-width: 602px) 100vw, 602px\" \/><\/a><\/figure><div class=\"elementor-image-box-content\"><h3 class=\"elementor-image-box-title\"><a href=\"https:\/\/www.viehealthcare.vn\/en\/chuyen-gia-tu-van\/\">tIN T\u1ee8C <\/a><\/h3><p class=\"elementor-image-box-description\">C\u1eadp nh\u1eadt tin t\u1ee9c m\u1edbi nh\u1ea5t, ch\u00ednh x\u00e1c v\u00e0 \u0111\u00e1ng tin c\u1eady v\u1ec1 s\u1ea3n ph\u1ea9m b\u1ea3o v\u1ec7 s\u1ee9c kho\u1ebb, ph\u01b0\u01a1ng ph\u00e1p \u0111i\u1ec1u tr\u1ecb ti\u00ean ti\u1ebfn<\/p><\/div><\/div>\t\t\t\t<\/div>\n\t\t\t\t<\/div>\n\t\t\t\t<div class=\"elementor-element elementor-element-aa2ba44 elementor-align-center elementor-widget elementor-widget-button\" data-id=\"aa2ba44\" data-element_type=\"widget\" data-widget_type=\"button.default\">\n\t\t\t\t<div class=\"elementor-widget-container\">\n\t\t\t\t\t\t\t\t\t<div class=\"elementor-button-wrapper\">\n\t\t\t\t\t<a class=\"elementor-button elementor-button-link elementor-size-sm\" href=\"https:\/\/www.viehealthcare.vn\/en\/tin-tuc\/\">\n\t\t\t\t\t\t<span class=\"elementor-button-content-wrapper\">\n\t\t\t\t\t\t\t\t\t<span class=\"elementor-button-text\">Xem th\u00eam <\/span>\n\t\t\t\t\t<\/span>\n\t\t\t\t\t<\/a>\n\t\t\t\t<\/div>\n\t\t\t\t\t\t\t\t<\/div>\n\t\t\t\t<\/div>\n\t\t\t\t<\/div>\n\t\t<div class=\"elementor-element elementor-element-e191fe4 e-con-full e-flex elementor-invisible e-con e-child\" data-id=\"e191fe4\" data-element_type=\"container\" data-settings=\"{&quot;background_background&quot;:&quot;classic&quot;,&quot;animation&quot;:&quot;fadeInUp&quot;}\">\n\t\t\t\t<div class=\"elementor-element elementor-element-8f70af8 elementor-position-top elementor-widget elementor-widget-image-box\" data-id=\"8f70af8\" data-element_type=\"widget\" data-settings=\"{&quot;_animation&quot;:&quot;none&quot;}\" data-widget_type=\"image-box.default\">\n\t\t\t\t<div class=\"elementor-widget-container\">\n\t\t\t\t\t<div class=\"elementor-image-box-wrapper\"><figure class=\"elementor-image-box-img\"><a href=\"https:\/\/www.viehealthcare.vn\/en\/chuyen-gia-tu-van\/\" tabindex=\"-1\"><img decoding=\"async\" width=\"960\" height=\"640\" src=\"https:\/\/viehealthcare.vn\/wp-content\/uploads\/2025\/06\/su-menh-.jpg\" class=\"attachment-full size-full wp-image-2236\" alt=\"\" srcset=\"https:\/\/www.viehealthcare.vn\/wp-content\/uploads\/2025\/06\/su-menh-.jpg 960w, https:\/\/www.viehealthcare.vn\/wp-content\/uploads\/2025\/06\/su-menh--600x400.jpg 600w, https:\/\/www.viehealthcare.vn\/wp-content\/uploads\/2025\/06\/su-menh--300x200.jpg 300w, https:\/\/www.viehealthcare.vn\/wp-content\/uploads\/2025\/06\/su-menh--768x512.jpg 768w, https:\/\/www.viehealthcare.vn\/wp-content\/uploads\/2025\/06\/su-menh--18x12.jpg 18w\" sizes=\"(max-width: 960px) 100vw, 960px\" \/><\/a><\/figure><div class=\"elementor-image-box-content\"><h3 class=\"elementor-image-box-title\"><a href=\"https:\/\/www.viehealthcare.vn\/en\/chuyen-gia-tu-van\/\">CHUY\u00caN GIA T\u01af V\u1ea4N <\/a><\/h3><p class=\"elementor-image-box-description\">Cung c\u1ea5p ki\u1ebfn th\u1ee9c chuy\u00ean s\u00e2u ng\u00e0nh D\u01b0\u1ee3c, l\u1eddi khuy\u00ean \u0111\u00e1ng tin c\u1eady t\u1eeb \u0111\u1ed9i ng\u0169 d\u01b0\u1ee3c s\u0129, chuy\u00ean gia y t\u1ebf gi\u00e0u kinh nghi\u1ec7m<\/p><\/div><\/div>\t\t\t\t<\/div>\n\t\t\t\t<\/div>\n\t\t\t\t<div class=\"elementor-element elementor-element-0d3786c elementor-align-center elementor-widget elementor-widget-button\" data-id=\"0d3786c\" data-element_type=\"widget\" data-widget_type=\"button.default\">\n\t\t\t\t<div class=\"elementor-widget-container\">\n\t\t\t\t\t\t\t\t\t<div class=\"elementor-button-wrapper\">\n\t\t\t\t\t<a class=\"elementor-button elementor-button-link elementor-size-sm\" href=\"https:\/\/www.viehealthcare.vn\/en\/chuyen-gia-tu-van\/\">\n\t\t\t\t\t\t<span class=\"elementor-button-content-wrapper\">\n\t\t\t\t\t\t\t\t\t<span class=\"elementor-button-text\">Xem th\u00eam <\/span>\n\t\t\t\t\t<\/span>\n\t\t\t\t\t<\/a>\n\t\t\t\t<\/div>\n\t\t\t\t\t\t\t\t<\/div>\n\t\t\t\t<\/div>\n\t\t\t\t<\/div>\n\t\t\t\t<\/div>\n\t\t\t\t\t<\/div>\n\t\t\t\t<\/div>\n\t\t\t\t<\/div>","protected":false},"excerpt":{"rendered":"<p>S\u1ed0NG KHO\u1eba TH\u00d4NG TIN Y KHOA \u0110\u00f3ng g\u00f3p ki\u1ebfn th\u1ee9c y h\u1ecdc, ch\u0103m s\u00f3c s\u1ee9c kho\u1ebb, th\u00f4ng tin li\u00ean quan s\u1ea3n ph\u1ea9m, c\u1ea3i thi\u1ec7n v\u00e0 n\u00e2ng cao ch\u1ea5t l\u01b0\u1ee3ng s\u1ed1ng Xem th\u00eam tIN T\u1ee8C C\u1eadp&hellip;<\/p>","protected":false},"author":10,"featured_media":0,"parent":0,"menu_order":0,"comment_status":"closed","ping_status":"closed","template":"","meta":{"_acf_changed":false,"footnotes":""},"class_list":["post-1818","page","type-page","status-publish","hentry"],"acf":[],"yoast_head":"<!-- This site is optimized with the Yoast SEO plugin v26.4 - https:\/\/yoast.com\/wordpress\/plugins\/seo\/ -->\n<title>S\u1ed1ng kho\u1ebb - Vie Healthcare<\/title>\n<meta name=\"robots\" content=\"index, follow, max-snippet:-1, max-image-preview:large, max-video-preview:-1\" \/>\n<link rel=\"canonical\" href=\"https:\/\/viehealthcare.com.vn\/song-khoe-2\/\" \/>\n<meta property=\"og:locale\" content=\"en_US\" \/>\n<meta property=\"og:type\" content=\"article\" \/>\n<meta property=\"og:title\" content=\"S\u1ed1ng kho\u1ebb - Vie Healthcare\" \/>\n<meta property=\"og:description\" content=\"S\u1ed0NG KHO\u1eba TH\u00d4NG TIN Y KHOA \u0110\u00f3ng g\u00f3p ki\u1ebfn th\u1ee9c y h\u1ecdc, ch\u0103m s\u00f3c s\u1ee9c kho\u1ebb, th\u00f4ng tin li\u00ean quan s\u1ea3n ph\u1ea9m, c\u1ea3i thi\u1ec7n v\u00e0 n\u00e2ng cao ch\u1ea5t l\u01b0\u1ee3ng s\u1ed1ng Xem th\u00eam tIN T\u1ee8C C\u1eadp&hellip;\" \/>\n<meta property=\"og:url\" content=\"https:\/\/viehealthcare.com.vn\/song-khoe-2\/\" \/>\n<meta property=\"og:site_name\" content=\"Vie Healthcare\" \/>\n<meta property=\"article:publisher\" content=\"https:\/\/www.facebook.com\/viehealthcarevn\" \/>\n<meta property=\"article:modified_time\" content=\"2026-03-12T03:43:44+00:00\" \/>\n<meta property=\"og:image\" content=\"https:\/\/viehealthcare.com.vn\/wp-content\/uploads\/2025\/06\/Xu-huong-cham-soc-suc-khoe-1200x801-1.jpg\" \/>\n<meta name=\"twitter:card\" content=\"summary_large_image\" \/>\n<meta name=\"twitter:label1\" content=\"Est. reading time\" \/>\n\t<meta name=\"twitter:data1\" content=\"2 minutes\" \/>\n<script type=\"application\/ld+json\" class=\"yoast-schema-graph\">{\"@context\":\"https:\/\/schema.org\",\"@graph\":[{\"@type\":\"WebPage\",\"@id\":\"https:\/\/viehealthcare.com.vn\/song-khoe-2\/\",\"url\":\"https:\/\/viehealthcare.com.vn\/song-khoe-2\/\",\"name\":\"S\u1ed1ng kho\u1ebb - Vie Healthcare\",\"isPartOf\":{\"@id\":\"https:\/\/viehealthcare.vn\/#website\"},\"primaryImageOfPage\":{\"@id\":\"https:\/\/viehealthcare.com.vn\/song-khoe-2\/#primaryimage\"},\"image\":{\"@id\":\"https:\/\/viehealthcare.com.vn\/song-khoe-2\/#primaryimage\"},\"thumbnailUrl\":\"https:\/\/viehealthcare.com.vn\/wp-content\/uploads\/2025\/06\/Xu-huong-cham-soc-suc-khoe-1200x801-1.jpg\",\"datePublished\":\"2025-05-27T08:48:04+00:00\",\"dateModified\":\"2026-03-12T03:43:44+00:00\",\"breadcrumb\":{\"@id\":\"https:\/\/viehealthcare.com.vn\/song-khoe-2\/#breadcrumb\"},\"inLanguage\":\"en-US\",\"potentialAction\":[{\"@type\":\"ReadAction\",\"target\":[\"https:\/\/viehealthcare.com.vn\/song-khoe-2\/\"]}]},{\"@type\":\"ImageObject\",\"inLanguage\":\"en-US\",\"@id\":\"https:\/\/viehealthcare.com.vn\/song-khoe-2\/#primaryimage\",\"url\":\"https:\/\/viehealthcare.com.vn\/wp-content\/uploads\/2025\/06\/Xu-huong-cham-soc-suc-khoe-1200x801-1.jpg\",\"contentUrl\":\"https:\/\/viehealthcare.com.vn\/wp-content\/uploads\/2025\/06\/Xu-huong-cham-soc-suc-khoe-1200x801-1.jpg\"},{\"@type\":\"BreadcrumbList\",\"@id\":\"https:\/\/viehealthcare.com.vn\/song-khoe-2\/#breadcrumb\",\"itemListElement\":[{\"@type\":\"ListItem\",\"position\":1,\"name\":\"Trang ch\u1ee7\",\"item\":\"https:\/\/viehealthcare.vn\/\"},{\"@type\":\"ListItem\",\"position\":2,\"name\":\"S\u1ed1ng kho\u1ebb\"}]},{\"@type\":\"WebSite\",\"@id\":\"https:\/\/viehealthcare.vn\/#website\",\"url\":\"https:\/\/viehealthcare.vn\/\",\"name\":\"Vie Healthcare\",\"description\":\"\",\"publisher\":{\"@id\":\"https:\/\/viehealthcare.vn\/#organization\"},\"potentialAction\":[{\"@type\":\"SearchAction\",\"target\":{\"@type\":\"EntryPoint\",\"urlTemplate\":\"https:\/\/viehealthcare.vn\/?s={search_term_string}\"},\"query-input\":{\"@type\":\"PropertyValueSpecification\",\"valueRequired\":true,\"valueName\":\"search_term_string\"}}],\"inLanguage\":\"en-US\"},{\"@type\":\"Organization\",\"@id\":\"https:\/\/viehealthcare.vn\/#organization\",\"name\":\"Vie Healthcare\",\"url\":\"https:\/\/viehealthcare.vn\/\",\"logo\":{\"@type\":\"ImageObject\",\"inLanguage\":\"en-US\",\"@id\":\"https:\/\/viehealthcare.vn\/#\/schema\/logo\/image\/\",\"url\":\"https:\/\/www.viehealthcare.com.vn\/wp-content\/uploads\/2025\/11\/logo-viehealth.webp\",\"contentUrl\":\"https:\/\/www.viehealthcare.com.vn\/wp-content\/uploads\/2025\/11\/logo-viehealth.webp\",\"width\":500,\"height\":204,\"caption\":\"Vie Healthcare\"},\"image\":{\"@id\":\"https:\/\/viehealthcare.vn\/#\/schema\/logo\/image\/\"},\"sameAs\":[\"https:\/\/www.facebook.com\/viehealthcarevn\"]}]}<\/script>\n<!-- \/ Yoast SEO plugin. -->","yoast_head_json":{"title":"S\u1ed1ng kho\u1ebb - Vie Healthcare","robots":{"index":"index","follow":"follow","max-snippet":"max-snippet:-1","max-image-preview":"max-image-preview:large","max-video-preview":"max-video-preview:-1"},"canonical":"https:\/\/viehealthcare.com.vn\/song-khoe-2\/","og_locale":"en_US","og_type":"article","og_title":"S\u1ed1ng kho\u1ebb - Vie Healthcare","og_description":"S\u1ed0NG KHO\u1eba TH\u00d4NG TIN Y KHOA \u0110\u00f3ng g\u00f3p ki\u1ebfn th\u1ee9c y h\u1ecdc, ch\u0103m s\u00f3c s\u1ee9c kho\u1ebb, th\u00f4ng tin li\u00ean quan s\u1ea3n ph\u1ea9m, c\u1ea3i thi\u1ec7n v\u00e0 n\u00e2ng cao ch\u1ea5t l\u01b0\u1ee3ng s\u1ed1ng Xem th\u00eam tIN T\u1ee8C C\u1eadp&hellip;","og_url":"https:\/\/viehealthcare.com.vn\/song-khoe-2\/","og_site_name":"Vie Healthcare","article_publisher":"https:\/\/www.facebook.com\/viehealthcarevn","article_modified_time":"2026-03-12T03:43:44+00:00","og_image":[{"url":"https:\/\/viehealthcare.com.vn\/wp-content\/uploads\/2025\/06\/Xu-huong-cham-soc-suc-khoe-1200x801-1.jpg","type":"","width":"","height":""}],"twitter_card":"summary_large_image","twitter_misc":{"Est. reading time":"2 minutes"},"schema":{"@context":"https:\/\/schema.org","@graph":[{"@type":"WebPage","@id":"https:\/\/viehealthcare.com.vn\/song-khoe-2\/","url":"https:\/\/viehealthcare.com.vn\/song-khoe-2\/","name":"S\u1ed1ng kho\u1ebb - Vie Healthcare","isPartOf":{"@id":"https:\/\/viehealthcare.vn\/#website"},"primaryImageOfPage":{"@id":"https:\/\/viehealthcare.com.vn\/song-khoe-2\/#primaryimage"},"image":{"@id":"https:\/\/viehealthcare.com.vn\/song-khoe-2\/#primaryimage"},"thumbnailUrl":"https:\/\/viehealthcare.com.vn\/wp-content\/uploads\/2025\/06\/Xu-huong-cham-soc-suc-khoe-1200x801-1.jpg","datePublished":"2025-05-27T08:48:04+00:00","dateModified":"2026-03-12T03:43:44+00:00","breadcrumb":{"@id":"https:\/\/viehealthcare.com.vn\/song-khoe-2\/#breadcrumb"},"inLanguage":"en-US","potentialAction":[{"@type":"ReadAction","target":["https:\/\/viehealthcare.com.vn\/song-khoe-2\/"]}]},{"@type":"ImageObject","inLanguage":"en-US","@id":"https:\/\/viehealthcare.com.vn\/song-khoe-2\/#primaryimage","url":"https:\/\/viehealthcare.com.vn\/wp-content\/uploads\/2025\/06\/Xu-huong-cham-soc-suc-khoe-1200x801-1.jpg","contentUrl":"https:\/\/viehealthcare.com.vn\/wp-content\/uploads\/2025\/06\/Xu-huong-cham-soc-suc-khoe-1200x801-1.jpg"},{"@type":"BreadcrumbList","@id":"https:\/\/viehealthcare.com.vn\/song-khoe-2\/#breadcrumb","itemListElement":[{"@type":"ListItem","position":1,"name":"Trang ch\u1ee7","item":"https:\/\/viehealthcare.vn\/"},{"@type":"ListItem","position":2,"name":"S\u1ed1ng kho\u1ebb"}]},{"@type":"WebSite","@id":"https:\/\/viehealthcare.vn\/#website","url":"https:\/\/viehealthcare.vn\/","name":"Vie Healthcare","description":"","publisher":{"@id":"https:\/\/viehealthcare.vn\/#organization"},"potentialAction":[{"@type":"SearchAction","target":{"@type":"EntryPoint","urlTemplate":"https:\/\/viehealthcare.vn\/?s={search_term_string}"},"query-input":{"@type":"PropertyValueSpecification","valueRequired":true,"valueName":"search_term_string"}}],"inLanguage":"en-US"},{"@type":"Organization","@id":"https:\/\/viehealthcare.vn\/#organization","name":"Vie Healthcare","url":"https:\/\/viehealthcare.vn\/","logo":{"@type":"ImageObject","inLanguage":"en-US","@id":"https:\/\/viehealthcare.vn\/#\/schema\/logo\/image\/","url":"https:\/\/www.viehealthcare.com.vn\/wp-content\/uploads\/2025\/11\/logo-viehealth.webp","contentUrl":"https:\/\/www.viehealthcare.com.vn\/wp-content\/uploads\/2025\/11\/logo-viehealth.webp","width":500,"height":204,"caption":"Vie Healthcare"},"image":{"@id":"https:\/\/viehealthcare.vn\/#\/schema\/logo\/image\/"},"sameAs":["https:\/\/www.facebook.com\/viehealthcarevn"]}]}},"_links":{"self":[{"href":"https:\/\/www.viehealthcare.vn\/en\/wp-json\/wp\/v2\/pages\/1818","targetHints":{"allow":["GET"]}}],"collection":[{"href":"https:\/\/www.viehealthcare.vn\/en\/wp-json\/wp\/v2\/pages"}],"about":[{"href":"https:\/\/www.viehealthcare.vn\/en\/wp-json\/wp\/v2\/types\/page"}],"author":[{"embeddable":true,"href":"https:\/\/www.viehealthcare.vn\/en\/wp-json\/wp\/v2\/users\/10"}],"replies":[{"embeddable":true,"href":"https:\/\/www.viehealthcare.vn\/en\/wp-json\/wp\/v2\/comments?post=1818"}],"version-history":[{"count":40,"href":"https:\/\/www.viehealthcare.vn\/en\/wp-json\/wp\/v2\/pages\/1818\/revisions"}],"predecessor-version":[{"id":5811,"href":"https:\/\/www.viehealthcare.vn\/en\/wp-json\/wp\/v2\/pages\/1818\/revisions\/5811"}],"wp:attachment":[{"href":"https:\/\/www.viehealthcare.vn\/en\/wp-json\/wp\/v2\/media?parent=1818"}],"curies":[{"name":"wp","href":"https:\/\/api.w.org\/{rel}","templated":true}]}}