{"id":47,"date":"2024-07-13T15:21:18","date_gmt":"2024-07-13T15:21:18","guid":{"rendered":"https:\/\/viehealthcare.vn\/cart\/"},"modified":"2024-07-30T15:12:53","modified_gmt":"2024-07-30T08:12:53","slug":"cart","status":"publish","type":"page","link":"https:\/\/www.viehealthcare.vn\/en\/cart\/","title":{"rendered":"Cart"},"content":{"rendered":"<div data-elementor-type=\"wp-page\" data-elementor-id=\"47\" class=\"elementor elementor-47\" data-elementor-post-type=\"page\">\n\t\t\t\t<div class=\"elementor-element elementor-element-eb79c65 e-flex e-con-boxed e-con e-parent\" data-id=\"eb79c65\" data-element_type=\"container\" data-e-type=\"container\">\n\t\t\t\t\t<div class=\"e-con-inner\">\n\t\t\t\t\t<\/div>\n\t\t\t\t<\/div>\n\t\t\t\t<\/div>","protected":false},"excerpt":{"rendered":"<p>X\u00f3a s\u1ea3n ph\u1ea9m H\u00ecnh \u1ea3nh thu nh\u1ecf S\u1ea3n ph\u1ea9m Gi\u00e1 S\u1ed1 l\u01b0\u1ee3ng T\u1ea1m t\u00ednh &times; Alipas m\u1edbi 1.400.000&nbsp;&#8363; Alipas m\u1edbi s\u1ed1 l\u01b0\u1ee3ng 4.200.000&nbsp;&#8363; Update Cart Apply coupon Cart Totals T\u1ea1m t\u00ednh 4.200.000&nbsp;&#8363; T\u1ed5ng 4.200.000&nbsp;&#8363; Proceed to Checkout<\/p>","protected":false},"author":1,"featured_media":0,"parent":0,"menu_order":0,"comment_status":"closed","ping_status":"closed","template":"","meta":{"_acf_changed":false,"footnotes":""},"class_list":["post-47","page","type-page","status-publish","hentry"],"acf":[],"yoast_head":"<!-- This site is optimized with the Yoast SEO plugin v27.5 - https:\/\/yoast.com\/product\/yoast-seo-wordpress\/ -->\n<title>Gi\u1ecf h\u00e0ng - Vie Healthcare<\/title>\n<meta name=\"robots\" content=\"index, follow, max-snippet:-1, max-image-preview:large, max-video-preview:-1\" \/>\n<link rel=\"canonical\" href=\"https:\/\/viehealthcare.vn\/cart\/\" \/>\n<meta property=\"og:locale\" content=\"en_US\" \/>\n<meta property=\"og:type\" content=\"article\" \/>\n<meta property=\"og:title\" content=\"Gi\u1ecf h\u00e0ng - Vie Healthcare\" \/>\n<meta property=\"og:description\" content=\"X\u00f3a s\u1ea3n ph\u1ea9m H\u00ecnh \u1ea3nh thu nh\u1ecf S\u1ea3n ph\u1ea9m Gi\u00e1 S\u1ed1 l\u01b0\u1ee3ng T\u1ea1m t\u00ednh &times; Alipas m\u1edbi 1.400.000&nbsp;&#8363; Alipas m\u1edbi s\u1ed1 l\u01b0\u1ee3ng 4.200.000&nbsp;&#8363; Update Cart Apply coupon Cart Totals T\u1ea1m t\u00ednh 4.200.000&nbsp;&#8363; T\u1ed5ng 4.200.000&nbsp;&#8363; Proceed to Checkout\" \/>\n<meta property=\"og:url\" content=\"https:\/\/viehealthcare.vn\/cart\/\" \/>\n<meta property=\"og:site_name\" content=\"Vie Healthcare\" \/>\n<meta property=\"article:publisher\" content=\"https:\/\/www.facebook.com\/viehealthcarevn\" \/>\n<meta property=\"article:modified_time\" content=\"2024-07-30T08:12:53+00:00\" \/>\n<meta property=\"og:image\" content=\"https:\/\/viehealthcare.vn\/wp-content\/uploads\/2024\/07\/alipas-1000-300x300.webp\" \/>\n<meta name=\"twitter:card\" content=\"summary_large_image\" \/>\n<script type=\"application\/ld+json\" class=\"yoast-schema-graph\">{\"@context\":\"https:\\\/\\\/schema.org\",\"@graph\":[{\"@type\":\"WebPage\",\"@id\":\"https:\\\/\\\/viehealthcare.vn\\\/cart\\\/\",\"url\":\"https:\\\/\\\/viehealthcare.vn\\\/cart\\\/\",\"name\":\"Gi\u1ecf h\u00e0ng - Vie Healthcare\",\"isPartOf\":{\"@id\":\"https:\\\/\\\/www.viehealthcare.vn\\\/en\\\/#website\"},\"primaryImageOfPage\":{\"@id\":\"https:\\\/\\\/viehealthcare.vn\\\/cart\\\/#primaryimage\"},\"image\":{\"@id\":\"https:\\\/\\\/viehealthcare.vn\\\/cart\\\/#primaryimage\"},\"thumbnailUrl\":\"https:\\\/\\\/viehealthcare.vn\\\/wp-content\\\/uploads\\\/2024\\\/07\\\/alipas-1000-300x300.webp\",\"datePublished\":\"2024-07-13T15:21:18+00:00\",\"dateModified\":\"2024-07-30T08:12:53+00:00\",\"breadcrumb\":{\"@id\":\"https:\\\/\\\/viehealthcare.vn\\\/cart\\\/#breadcrumb\"},\"inLanguage\":\"en-US\",\"potentialAction\":[{\"@type\":\"ReadAction\",\"target\":[\"https:\\\/\\\/viehealthcare.vn\\\/cart\\\/\"]}]},{\"@type\":\"ImageObject\",\"inLanguage\":\"en-US\",\"@id\":\"https:\\\/\\\/viehealthcare.vn\\\/cart\\\/#primaryimage\",\"url\":\"https:\\\/\\\/viehealthcare.vn\\\/wp-content\\\/uploads\\\/2024\\\/07\\\/alipas-1000-300x300.webp\",\"contentUrl\":\"https:\\\/\\\/viehealthcare.vn\\\/wp-content\\\/uploads\\\/2024\\\/07\\\/alipas-1000-300x300.webp\"},{\"@type\":\"BreadcrumbList\",\"@id\":\"https:\\\/\\\/viehealthcare.vn\\\/cart\\\/#breadcrumb\",\"itemListElement\":[{\"@type\":\"ListItem\",\"position\":1,\"name\":\"Trang ch\u1ee7\",\"item\":\"https:\\\/\\\/www.viehealthcare.vn\\\/en\\\/\"},{\"@type\":\"ListItem\",\"position\":2,\"name\":\"Gi\u1ecf h\u00e0ng\"}]},{\"@type\":\"WebSite\",\"@id\":\"https:\\\/\\\/www.viehealthcare.vn\\\/en\\\/#website\",\"url\":\"https:\\\/\\\/www.viehealthcare.vn\\\/en\\\/\",\"name\":\"Vie Healthcare\",\"description\":\"Ph\u00e2n ph\u1ed1i ch\u00ednh h\u00e3ng IALUXID, Clean Nose v\u00e0 Hemopropin\",\"publisher\":{\"@id\":\"https:\\\/\\\/www.viehealthcare.vn\\\/en\\\/#organization\"},\"potentialAction\":[{\"@type\":\"SearchAction\",\"target\":{\"@type\":\"EntryPoint\",\"urlTemplate\":\"https:\\\/\\\/www.viehealthcare.vn\\\/en\\\/?s={search_term_string}\"},\"query-input\":{\"@type\":\"PropertyValueSpecification\",\"valueRequired\":true,\"valueName\":\"search_term_string\"}}],\"inLanguage\":\"en-US\"},{\"@type\":\"Organization\",\"@id\":\"https:\\\/\\\/www.viehealthcare.vn\\\/en\\\/#organization\",\"name\":\"Vie Healthcare\",\"url\":\"https:\\\/\\\/www.viehealthcare.vn\\\/en\\\/\",\"logo\":{\"@type\":\"ImageObject\",\"inLanguage\":\"en-US\",\"@id\":\"https:\\\/\\\/www.viehealthcare.vn\\\/en\\\/#\\\/schema\\\/logo\\\/image\\\/\",\"url\":\"https:\\\/\\\/www.viehealthcare.com.vn\\\/wp-content\\\/uploads\\\/2025\\\/11\\\/logo-viehealth.webp\",\"contentUrl\":\"https:\\\/\\\/www.viehealthcare.com.vn\\\/wp-content\\\/uploads\\\/2025\\\/11\\\/logo-viehealth.webp\",\"width\":500,\"height\":204,\"caption\":\"Vie Healthcare\"},\"image\":{\"@id\":\"https:\\\/\\\/www.viehealthcare.vn\\\/en\\\/#\\\/schema\\\/logo\\\/image\\\/\"},\"sameAs\":[\"https:\\\/\\\/www.facebook.com\\\/viehealthcarevn\"]}]}<\/script>\n<!-- \/ Yoast SEO plugin. -->","yoast_head_json":{"title":"Gi\u1ecf h\u00e0ng - Vie Healthcare","robots":{"index":"index","follow":"follow","max-snippet":"max-snippet:-1","max-image-preview":"max-image-preview:large","max-video-preview":"max-video-preview:-1"},"canonical":"https:\/\/viehealthcare.vn\/cart\/","og_locale":"en_US","og_type":"article","og_title":"Gi\u1ecf h\u00e0ng - Vie Healthcare","og_description":"X\u00f3a s\u1ea3n ph\u1ea9m H\u00ecnh \u1ea3nh thu nh\u1ecf S\u1ea3n ph\u1ea9m Gi\u00e1 S\u1ed1 l\u01b0\u1ee3ng T\u1ea1m t\u00ednh &times; Alipas m\u1edbi 1.400.000&nbsp;&#8363; Alipas m\u1edbi s\u1ed1 l\u01b0\u1ee3ng 4.200.000&nbsp;&#8363; Update Cart Apply coupon Cart Totals T\u1ea1m t\u00ednh 4.200.000&nbsp;&#8363; T\u1ed5ng 4.200.000&nbsp;&#8363; Proceed to Checkout","og_url":"https:\/\/viehealthcare.vn\/cart\/","og_site_name":"Vie Healthcare","article_publisher":"https:\/\/www.facebook.com\/viehealthcarevn","article_modified_time":"2024-07-30T08:12:53+00:00","og_image":[{"url":"https:\/\/viehealthcare.vn\/wp-content\/uploads\/2024\/07\/alipas-1000-300x300.webp","type":"","width":"","height":""}],"twitter_card":"summary_large_image","schema":{"@context":"https:\/\/schema.org","@graph":[{"@type":"WebPage","@id":"https:\/\/viehealthcare.vn\/cart\/","url":"https:\/\/viehealthcare.vn\/cart\/","name":"Gi\u1ecf h\u00e0ng - Vie Healthcare","isPartOf":{"@id":"https:\/\/www.viehealthcare.vn\/en\/#website"},"primaryImageOfPage":{"@id":"https:\/\/viehealthcare.vn\/cart\/#primaryimage"},"image":{"@id":"https:\/\/viehealthcare.vn\/cart\/#primaryimage"},"thumbnailUrl":"https:\/\/viehealthcare.vn\/wp-content\/uploads\/2024\/07\/alipas-1000-300x300.webp","datePublished":"2024-07-13T15:21:18+00:00","dateModified":"2024-07-30T08:12:53+00:00","breadcrumb":{"@id":"https:\/\/viehealthcare.vn\/cart\/#breadcrumb"},"inLanguage":"en-US","potentialAction":[{"@type":"ReadAction","target":["https:\/\/viehealthcare.vn\/cart\/"]}]},{"@type":"ImageObject","inLanguage":"en-US","@id":"https:\/\/viehealthcare.vn\/cart\/#primaryimage","url":"https:\/\/viehealthcare.vn\/wp-content\/uploads\/2024\/07\/alipas-1000-300x300.webp","contentUrl":"https:\/\/viehealthcare.vn\/wp-content\/uploads\/2024\/07\/alipas-1000-300x300.webp"},{"@type":"BreadcrumbList","@id":"https:\/\/viehealthcare.vn\/cart\/#breadcrumb","itemListElement":[{"@type":"ListItem","position":1,"name":"Trang ch\u1ee7","item":"https:\/\/www.viehealthcare.vn\/en\/"},{"@type":"ListItem","position":2,"name":"Gi\u1ecf h\u00e0ng"}]},{"@type":"WebSite","@id":"https:\/\/www.viehealthcare.vn\/en\/#website","url":"https:\/\/www.viehealthcare.vn\/en\/","name":"Vie Healthcare","description":"Ph\u00e2n ph\u1ed1i ch\u00ednh h\u00e3ng IALUXID, Clean Nose v\u00e0 Hemopropin","publisher":{"@id":"https:\/\/www.viehealthcare.vn\/en\/#organization"},"potentialAction":[{"@type":"SearchAction","target":{"@type":"EntryPoint","urlTemplate":"https:\/\/www.viehealthcare.vn\/en\/?s={search_term_string}"},"query-input":{"@type":"PropertyValueSpecification","valueRequired":true,"valueName":"search_term_string"}}],"inLanguage":"en-US"},{"@type":"Organization","@id":"https:\/\/www.viehealthcare.vn\/en\/#organization","name":"Vie Healthcare","url":"https:\/\/www.viehealthcare.vn\/en\/","logo":{"@type":"ImageObject","inLanguage":"en-US","@id":"https:\/\/www.viehealthcare.vn\/en\/#\/schema\/logo\/image\/","url":"https:\/\/www.viehealthcare.com.vn\/wp-content\/uploads\/2025\/11\/logo-viehealth.webp","contentUrl":"https:\/\/www.viehealthcare.com.vn\/wp-content\/uploads\/2025\/11\/logo-viehealth.webp","width":500,"height":204,"caption":"Vie Healthcare"},"image":{"@id":"https:\/\/www.viehealthcare.vn\/en\/#\/schema\/logo\/image\/"},"sameAs":["https:\/\/www.facebook.com\/viehealthcarevn"]}]}},"_links":{"self":[{"href":"https:\/\/www.viehealthcare.vn\/en\/wp-json\/wp\/v2\/pages\/47","targetHints":{"allow":["GET"]}}],"collection":[{"href":"https:\/\/www.viehealthcare.vn\/en\/wp-json\/wp\/v2\/pages"}],"about":[{"href":"https:\/\/www.viehealthcare.vn\/en\/wp-json\/wp\/v2\/types\/page"}],"author":[{"embeddable":true,"href":"https:\/\/www.viehealthcare.vn\/en\/wp-json\/wp\/v2\/users\/1"}],"replies":[{"embeddable":true,"href":"https:\/\/www.viehealthcare.vn\/en\/wp-json\/wp\/v2\/comments?post=47"}],"version-history":[{"count":5,"href":"https:\/\/www.viehealthcare.vn\/en\/wp-json\/wp\/v2\/pages\/47\/revisions"}],"predecessor-version":[{"id":612,"href":"https:\/\/www.viehealthcare.vn\/en\/wp-json\/wp\/v2\/pages\/47\/revisions\/612"}],"wp:attachment":[{"href":"https:\/\/www.viehealthcare.vn\/en\/wp-json\/wp\/v2\/media?parent=47"}],"curies":[{"name":"wp","href":"https:\/\/api.w.org\/{rel}","templated":true}]}}